{"id":66,"date":"2016-03-25T10:57:27","date_gmt":"2016-03-25T09:57:27","guid":{"rendered":"http:\/\/www.virginie-vican.com\/?page_id=66"},"modified":"2016-12-22T16:27:35","modified_gmt":"2016-12-22T15:27:35","slug":"bio","status":"publish","type":"page","link":"https:\/\/www.virginie-vican.com\/en\/bio\/","title":{"rendered":"R\u00e9f\u00e9rences &#038; Biographie"},"content":{"rendered":"<p><\/p>\n<div class=\"gmail_default\">\n<div class=\"gmail_default\">\n<p><u>REFERENCES &amp; COLLABORATIONS<br \/><\/u><\/p>\n<p>&nbsp;<\/p>\n<p>ENTREPRISES :\u00a0\u00a0\u00a0 <strong>Veolia Eau, la Fondation Nicolas Hulot, l&#8217;Office du Tourisme de Paris, le magazine SNCF,<\/strong><\/p>\n<p><strong>\u00a0\u00a0\u00a0\u00a0\u00a0\u00a0\u00a0\u00a0\u00a0\u00a0\u00a0\u00a0\u00a0\u00a0\u00a0\u00a0\u00a0\u00a0\u00a0\u00a0\u00a0\u00a0\u00a0\u00a0\u00a0\u00a0\u00a0\u00a0\u00a0\u00a0\u00a0\u00a0 H\u00f4tel des ventes Drouot, Christie&#8217;s, Procter &amp; Gamble, Euro RSCG Publishing\u2026<\/strong><\/p>\n<p>&nbsp;<\/p>\n<p>ASSOCIATIONS :<strong> Souffleurs d\u2019\u00c9cume, Art en Ballade, Alterm\u00e9dia, Maison du Film Court, la Maison des Artistes&#8230;<\/strong><\/p>\n<p>&nbsp;<\/p>\n<p>EXPOSITIONS :\u00a0\u00a0\u00a0 <strong>Mus\u00e9e du Palais de la Porte Dor\u00e9e, Mus\u00e9e Dapper, Mus\u00e9e Cluny, Le Viaduc des Arts de Paris\u2026.<\/strong><\/p>\n<p>&nbsp;<\/p>\n<p>PARUTIONS :\u00a0\u00a0\u00a0\u00a0\u00a0\u00a0 <strong>Le Monde, la Repubblica delle Donne, G\u00e9o, La Vie, The Times, National Geographic\u2026<\/strong><\/p>\n<p>&nbsp;<\/p>\n<\/div>\n<\/div>\n<p style=\"text-align: justify;\">\u00a0<\/p>\n<p><u>BIOGRAPHIE<\/u><\/p>\n<p style=\"text-align: justify;\">\u00a0<\/p>\n<p style=\"text-align: justify;\"><strong>Virginie Vican m\u00e8ne depuis plusieurs ann\u00e9es un projet photographique centr\u00e9 sur l&#8217;interaction entre le corps et son environnement. <\/strong><strong>Pour sa galerie de portraits sur les communaut\u00e9s en exil, Virginie re\u00e7oit la <\/strong><\/p>\n<p style=\"text-align: justify;\"><strong>\u00ab Bourse du Talent \u00bb.<\/strong><\/p>\n<p style=\"text-align: justify;\">\u00a0<\/p>\n<p style=\"text-align: justify;\"><strong>Elle publie dans le Monde Magazine, The Times, National Geographic et a collabor\u00e9 avec Picturetank ainsi qu\u2019\u00e0 l&#8217;agence Magnum. <\/strong><\/p>\n<p style=\"text-align: justify;\"><strong>Ses th\u00e8mes de pr\u00e9dilection portent sur l\u2019identit\u00e9 culturelle : la vie des Nihangs en Inde et sur les minorit\u00e9s ethniques en Tha\u00eflande.<\/strong><\/p>\n<p style=\"text-align: justify;\">\u00a0<\/p>\n<p style=\"text-align: justify;\"><strong>Sa s\u00e9rie photographique sur des danseurs et chor\u00e9graphes, intitul\u00e9e &#8220;Dualit\u00e9 entre le corps et l&#8217;esprit&#8221;, a \u00e9t\u00e9 projet\u00e9e dans le cadre du Festival des Rencontres d&#8217;Arles.<\/strong><\/p>\n<p style=\"text-align: justify;\">\u00a0<\/p>\n<p style=\"text-align: justify;\"> <strong> Toujours dans cette m\u00eame th\u00e9matique, Virginie s&#8217;int\u00e9resse \u00e0 l&#8217;image du corps f\u00e9minin immerg\u00e9 dans son \u00e9l\u00e9ment naturel : l&#8217;eau. Pour ce faire, elle a sillonn\u00e9 l&#8217;Europe et les pays asiatiques \u00e0 la recherche de lieux, d&#8217;atmosph\u00e8res et de mod\u00e8les susceptibles de nourrir son travail et sa r\u00e9flexion.<\/strong><\/p>\n<p style=\"text-align: justify;\"><strong>Des images \u00e0 la fois, po\u00e9tiques, \u00e9nigmatiques et troublantes qui t\u00e9moignent de la profonde sensibilit\u00e9 de l&#8217;auteur.<\/strong><\/p>\n<p style=\"text-align: justify;\">\u00a0<\/p>\n<p style=\"text-align: justify;\"><strong>Virginie Vican a \u00e9t\u00e9 s\u00e9lectionn\u00e9e par Balt&#8217;Art &#8220;l&#8217;Art et le Grand Palais&#8221;, et expose r\u00e9guli\u00e8rement : au Mus\u00e9e de la Porte Dor\u00e9e, \u00e0 la Maison d&#8217;Europe et d&#8217;Orient, au Viaduc des Arts, au Carrousel du Louvre.<\/strong><\/p>\n<p><\/p>","protected":false},"excerpt":{"rendered":"REFERENCES &amp; COLLABORATIONS &nbsp; ENTREPRISES :\u00a0\u00a0\u00a0 Veolia Eau, la Fondation Nicolas Hulot, l&#8217;Office du Tourisme de Paris, le magazine SNCF, \u00a0\u00a0\u00a0\u00a0\u00a0\u00a0\u00a0\u00a0\u00a0\u00a0\u00a0\u00a0\u00a0\u00a0\u00a0\u00a0\u00a0\u00a0\u00a0\u00a0\u00a0\u00a0\u00a0\u00a0\u00a0\u00a0\u00a0\u00a0\u00a0\u00a0\u00a0\u00a0 H\u00f4tel des ventes Drouot, Christie&#8217;s, Procter &amp; Gamble, Euro RSCG Publishing\u2026 &nbsp; ASSOCIATIONS : Souffleurs d\u2019\u00c9cume, Art en Ballade, Alterm\u00e9dia, Maison du Film Court, la Maison des Artistes&#8230; &nbsp; EXPOSITIONS :\u00a0\u00a0\u00a0 Mus\u00e9e du Palais&#8230; <br\/><a class=\"view-article\" href=\"https:\/\/www.virginie-vican.com\/en\/bio\/\">View Article<\/a>","protected":false},"author":3,"featured_media":0,"parent":0,"menu_order":3,"comment_status":"closed","ping_status":"closed","template":"","meta":{"footnotes":""},"class_list":["post-66","page","type-page","status-publish","hentry"],"yoast_head":"<!-- This site is optimized with the Yoast SEO plugin v23.5 - https:\/\/yoast.com\/wordpress\/plugins\/seo\/ -->\n<title>R\u00e9f\u00e9rences &amp; Biographie | Virginie Vican photography<\/title>\n<meta name=\"description\" content=\"REFERENCES &amp; COLLABORATIONS&nbsp;ENTREPRISES :\u00a0\u00a0\u00a0 Veolia Eau, la Fondation Nicolas Hulot, l&#039;Office du Tourisme de Paris, le magazine\" \/>\n<meta name=\"robots\" content=\"index, follow, max-snippet:-1, max-image-preview:large, max-video-preview:-1\" \/>\n<link rel=\"canonical\" href=\"https:\/\/www.virginie-vican.com\/bio\/\" \/>\n<meta property=\"og:locale\" content=\"en_US\" \/>\n<meta property=\"og:type\" content=\"article\" \/>\n<meta property=\"og:title\" content=\"R\u00e9f\u00e9rences &amp; Biographie | Virginie Vican photography\" \/>\n<meta property=\"og:description\" content=\"REFERENCES &amp; COLLABORATIONS&nbsp;ENTREPRISES :\u00a0\u00a0\u00a0 Veolia Eau, la Fondation Nicolas Hulot, l&#039;Office du Tourisme de Paris, le magazine\" \/>\n<meta property=\"og:url\" content=\"https:\/\/www.virginie-vican.com\/bio\/\" \/>\n<meta property=\"og:site_name\" content=\"Virginie Vican\" \/>\n<meta property=\"article:modified_time\" content=\"2016-12-22T15:27:35+00:00\" \/>\n<meta name=\"twitter:card\" content=\"summary_large_image\" \/>\n<meta name=\"twitter:label1\" content=\"Est. reading time\" \/>\n\t<meta name=\"twitter:data1\" content=\"3 minutes\" \/>\n<script type=\"application\/ld+json\" class=\"yoast-schema-graph\">{\"@context\":\"https:\/\/schema.org\",\"@graph\":[{\"@type\":\"WebPage\",\"@id\":\"https:\/\/www.virginie-vican.com\/bio\/\",\"url\":\"https:\/\/www.virginie-vican.com\/bio\/\",\"name\":\"R\u00e9f\u00e9rences & Biographie | Virginie Vican photography\",\"isPartOf\":{\"@id\":\"https:\/\/www.virginie-vican.com\/#website\"},\"datePublished\":\"2016-03-25T09:57:27+00:00\",\"dateModified\":\"2016-12-22T15:27:35+00:00\",\"description\":\"REFERENCES &amp; COLLABORATIONS&nbsp;ENTREPRISES :\u00a0\u00a0\u00a0 Veolia Eau, la Fondation Nicolas Hulot, l'Office du Tourisme de Paris, le magazine\",\"breadcrumb\":{\"@id\":\"https:\/\/www.virginie-vican.com\/bio\/#breadcrumb\"},\"inLanguage\":\"en-EN\",\"potentialAction\":[{\"@type\":\"ReadAction\",\"target\":[\"https:\/\/www.virginie-vican.com\/bio\/\"]}]},{\"@type\":\"BreadcrumbList\",\"@id\":\"https:\/\/www.virginie-vican.com\/bio\/#breadcrumb\",\"itemListElement\":[{\"@type\":\"ListItem\",\"position\":1,\"name\":\"Accueil\",\"item\":\"https:\/\/www.virginie-vican.com\/\"},{\"@type\":\"ListItem\",\"position\":2,\"name\":\"R\u00e9f\u00e9rences &#038; Biographie\"}]},{\"@type\":\"WebSite\",\"@id\":\"https:\/\/www.virginie-vican.com\/#website\",\"url\":\"https:\/\/www.virginie-vican.com\/\",\"name\":\"Virginie Vican\",\"description\":\"photography\",\"potentialAction\":[{\"@type\":\"SearchAction\",\"target\":{\"@type\":\"EntryPoint\",\"urlTemplate\":\"https:\/\/www.virginie-vican.com\/?s={search_term_string}\"},\"query-input\":{\"@type\":\"PropertyValueSpecification\",\"valueRequired\":true,\"valueName\":\"search_term_string\"}}],\"inLanguage\":\"en-EN\"}]}<\/script>\n<!-- \/ Yoast SEO plugin. -->","yoast_head_json":{"title":"R\u00e9f\u00e9rences & Biographie | Virginie Vican photography","description":"REFERENCES &amp; COLLABORATIONS&nbsp;ENTREPRISES :\u00a0\u00a0\u00a0 Veolia Eau, la Fondation Nicolas Hulot, l'Office du Tourisme de Paris, le magazine","robots":{"index":"index","follow":"follow","max-snippet":"max-snippet:-1","max-image-preview":"max-image-preview:large","max-video-preview":"max-video-preview:-1"},"canonical":"https:\/\/www.virginie-vican.com\/bio\/","og_locale":"en_US","og_type":"article","og_title":"R\u00e9f\u00e9rences & Biographie | Virginie Vican photography","og_description":"REFERENCES &amp; COLLABORATIONS&nbsp;ENTREPRISES :\u00a0\u00a0\u00a0 Veolia Eau, la Fondation Nicolas Hulot, l'Office du Tourisme de Paris, le magazine","og_url":"https:\/\/www.virginie-vican.com\/bio\/","og_site_name":"Virginie Vican","article_modified_time":"2016-12-22T15:27:35+00:00","twitter_card":"summary_large_image","twitter_misc":{"Est. reading time":"3 minutes"},"schema":{"@context":"https:\/\/schema.org","@graph":[{"@type":"WebPage","@id":"https:\/\/www.virginie-vican.com\/bio\/","url":"https:\/\/www.virginie-vican.com\/bio\/","name":"R\u00e9f\u00e9rences & Biographie | Virginie Vican photography","isPartOf":{"@id":"https:\/\/www.virginie-vican.com\/#website"},"datePublished":"2016-03-25T09:57:27+00:00","dateModified":"2016-12-22T15:27:35+00:00","description":"REFERENCES &amp; COLLABORATIONS&nbsp;ENTREPRISES :\u00a0\u00a0\u00a0 Veolia Eau, la Fondation Nicolas Hulot, l'Office du Tourisme de Paris, le magazine","breadcrumb":{"@id":"https:\/\/www.virginie-vican.com\/bio\/#breadcrumb"},"inLanguage":"en-EN","potentialAction":[{"@type":"ReadAction","target":["https:\/\/www.virginie-vican.com\/bio\/"]}]},{"@type":"BreadcrumbList","@id":"https:\/\/www.virginie-vican.com\/bio\/#breadcrumb","itemListElement":[{"@type":"ListItem","position":1,"name":"Accueil","item":"https:\/\/www.virginie-vican.com\/"},{"@type":"ListItem","position":2,"name":"R\u00e9f\u00e9rences &#038; Biographie"}]},{"@type":"WebSite","@id":"https:\/\/www.virginie-vican.com\/#website","url":"https:\/\/www.virginie-vican.com\/","name":"Virginie Vican","description":"photography","potentialAction":[{"@type":"SearchAction","target":{"@type":"EntryPoint","urlTemplate":"https:\/\/www.virginie-vican.com\/?s={search_term_string}"},"query-input":{"@type":"PropertyValueSpecification","valueRequired":true,"valueName":"search_term_string"}}],"inLanguage":"en-EN"}]}},"_links":{"self":[{"href":"https:\/\/www.virginie-vican.com\/en\/wp-json\/wp\/v2\/pages\/66"}],"collection":[{"href":"https:\/\/www.virginie-vican.com\/en\/wp-json\/wp\/v2\/pages"}],"about":[{"href":"https:\/\/www.virginie-vican.com\/en\/wp-json\/wp\/v2\/types\/page"}],"author":[{"embeddable":true,"href":"https:\/\/www.virginie-vican.com\/en\/wp-json\/wp\/v2\/users\/3"}],"replies":[{"embeddable":true,"href":"https:\/\/www.virginie-vican.com\/en\/wp-json\/wp\/v2\/comments?post=66"}],"version-history":[{"count":4,"href":"https:\/\/www.virginie-vican.com\/en\/wp-json\/wp\/v2\/pages\/66\/revisions"}],"predecessor-version":[{"id":975,"href":"https:\/\/www.virginie-vican.com\/en\/wp-json\/wp\/v2\/pages\/66\/revisions\/975"}],"wp:attachment":[{"href":"https:\/\/www.virginie-vican.com\/en\/wp-json\/wp\/v2\/media?parent=66"}],"curies":[{"name":"wp","href":"https:\/\/api.w.org\/{rel}","templated":true}]}}