{"id":977,"date":"2017-03-13T12:05:57","date_gmt":"2017-03-13T11:05:57","guid":{"rendered":"http:\/\/www.virginie-vican.com\/?page_id=977"},"modified":"2020-01-14T10:58:31","modified_gmt":"2020-01-14T09:58:31","slug":"ateliers","status":"publish","type":"page","link":"https:\/\/www.virginie-vican.com\/en\/ateliers\/","title":{"rendered":"Workshops"},"content":{"rendered":"<p> APPRENEZ LA PHOTO SUR LA COTE D&#8217;AZUR (Antibes, Cannes, Cagnes, Nice).<br \/>\n<br \/>\nTous les ateliers sont \u00e0 la fois pratique et ludiques, une partie est r\u00e9serv\u00e9e \u00e0 l&#8217;analyse des photos.<br \/>\nLe tarif est de 75 euros et le stage de deux jours \u00e0 190 euros.<br \/>\nLes places sont limit\u00e9es. Pour r\u00e9server : cliquez sur l&#8217;atelier qui vous int\u00e9resse. Au plaisir de vous y retrouver &#8230;<\/p>\n<p>&nbsp;<\/p>\n<ul>\n<li><a href=\"https:\/\/yurplan.com\/event\/Initiation-regler-votre-appareil-en-manuel\/15407\">ATELIER &#8220;INITIATION, REGLER VOTRE APPAREIL EN MANUEL&#8221; &#8211; lundi 10 avril &#8211; de 10h \u00e0 13h \u2013 \u00e0 CAGNES-SUR-MER.<\/a>\n<ol>&nbsp;<\/ol>\n<\/li>\n<li><a href=\"https:\/\/yurplan.com\">ATELIER &#8220;L&#8217;ART DE L&#8217;EXPOSITION ET DU CADRAGE&#8221; &#8211; lundi 10 avril &#8211; de 14h \u00e0 17h \u2013 \u00e0 CAGNES-SUR-MER.<\/a>\n<ol>&nbsp;<\/ol>\n<\/li>\n<li><a href=\"https:\/\/yurplan.com\/event\/Initiation-regler-votre-appareil-en-manuel\/15407\">ATELIER &#8220;L&#8217;ART DE L&#8217;EXPOSITION ET DU CADRAGE&#8221; &#8211; mardi 11 avril &#8211; de 10h \u00e0 13h \u2013 \u00e0 ANTIBES.<\/a>\n<ol>&nbsp;<\/ol>\n<\/li>\n<li><a href=\"https:\/\/yurplan.com\/event\/Initiation-regler-votre-appareil-en-manuel\/15407\">ATELIER &#8220;L&#8217;ART DU PORTRAIT EN SITUATION&#8221; &#8211; mardi 11 avril &#8211; de 14h \u00e0 17h \u2013 \u00e0 ANTIBES.<\/a>\n<ol>&nbsp;<\/ol>\n<\/li>\n<li><a href=\"https:\/\/yurplan.com\">ATELIER &#8220;L&#8217;ART DE L&#8217;EXPOSITION ET DU CADRAGE&#8221; &#8211; mercredi 12 avril &#8211; de 10h \u00e0 13h \u2013 \u00e0 NICE.<\/a>\n<ol>&nbsp;<\/ol>\n<\/li>\n<li><a href=\"https:\/\/yurplan.com\/event\/Initiation-regler-votre-appareil-en-manuel\/15407\">ATELIER &#8220;INITIATION, REGLER VOTRE APPAREIL EN MANUEL&#8221; &#8211; mercredi 12 avril &#8211; de 14h \u00e0 17h \u2013 \u00e0 NICE.<\/a>\n<ol>&nbsp;<\/ol>\n<\/li>\n<li><a href=\"https:\/\/yurplan.com\/event\/Initiation-regler-votre-appareil-en-manuel\/15407\">ATELIER &#8220;L&#8217;ART DU PORTRAIT EN SITUATION&#8221; &#8211; jeudi 13 avril &#8211; de 10h \u00e0 13h \u2013 \u00e0 CANNES.<\/a>\n<ol>&nbsp;<\/ol>\n<\/li>\n<li><a href=\"https:\/\/yurplan.com\/event\/Initiation-regler-votre-appareil-en-manuel\/15407\">ATELIER &#8220;INITIATION, REGLER VOTRE APPAREIL EN MANUEL&#8221; &#8211; jeudi 13 avril \u2013 de 14h \u00e0 17h \u2013 \u00e0 CANNES.<\/a>\n<ol>&nbsp;<\/ol>\n<\/li>\n<li><a href=\"https:\/\/yurplan.com\">ATELIER &#8220;L&#8217;ART DE L&#8217;EXPOSITION ET DU CADRAGE&#8221; &#8211; vendredi 14 avril &#8211; de 10h \u00e0 13h \u2013 \u00e0 CAGNES-SUR-MER.<\/a>\n<ol>&nbsp;<\/ol>\n<\/li>\n<li><a href=\"https:\/\/yurplan.com\/event\/Initiation-regler-votre-appareil-en-manuel\/15407\"> ATELIER &#8220;L&#8217;ART DU PORTRAIT EN SITUATION&#8221; &#8211; vendredi 14 avril &#8211; de 10h \u00e0 13h \u2013 \u00e0 CAGNES-SUR-MER.<\/a>\n<ol>&nbsp;<\/ol>\n<\/li>\n<li><a href=\"https:\/\/yurplan.com\/event\/Initiation-regler-votre-appareil-en-manuel\/15407\"> STAGE DE 2 JOURS &#8220;DEVELOPPER UN REGARD CREATIF&#8221;. Aller plus loin dans la ma\u00eetrise de la technique, de la lumi\u00e8re, de la composition et du portrait. D\u00e9couvrez le secret des pro et analyse constructive autour des photos  &#8211; samedi 15 et dimanche 16 avril &#8211; de 10h \u00e0 18h \u2013 \u00e0 CAGNES-SUR-MER.<\/a>\n<ol> <\/ol>\n<\/li>\n<\/ul>\n<p><\/p>","protected":false},"excerpt":{"rendered":"APPRENEZ LA PHOTO SUR LA COTE D&#8217;AZUR (Antibes, Cannes, Cagnes, Nice). Tous les ateliers sont \u00e0 la fois pratique et ludiques, une partie est r\u00e9serv\u00e9e \u00e0 l&#8217;analyse des photos. Le tarif est de 75 euros et le stage de deux jours \u00e0 190 euros. Les places sont limit\u00e9es. Pour r\u00e9server : cliquez sur l&#8217;atelier qui&#8230; <br\/><a class=\"view-article\" href=\"https:\/\/www.virginie-vican.com\/en\/ateliers\/\">View Article<\/a>","protected":false},"author":3,"featured_media":0,"parent":0,"menu_order":0,"comment_status":"closed","ping_status":"closed","template":"","meta":{"footnotes":""},"class_list":["post-977","page","type-page","status-publish","hentry"],"yoast_head":"<!-- This site is optimized with the Yoast SEO plugin v23.5 - https:\/\/yoast.com\/wordpress\/plugins\/seo\/ -->\n<title>Workshops | Virginie Vican photography<\/title>\n<meta name=\"description\" content=\"APPRENEZ LA PHOTO SUR LA COTE D&#039;AZUR (Antibes, Cannes, Cagnes, Nice). Tous les ateliers sont \u00e0 la fois pratique et ludiques, une partie est r\u00e9serv\u00e9e \u00e0\" \/>\n<meta name=\"robots\" content=\"index, follow, max-snippet:-1, max-image-preview:large, max-video-preview:-1\" \/>\n<link rel=\"canonical\" href=\"https:\/\/www.virginie-vican.com\/ateliers\/\" \/>\n<meta property=\"og:locale\" content=\"en_US\" \/>\n<meta property=\"og:type\" content=\"article\" \/>\n<meta property=\"og:title\" content=\"[:fr]Ateliers[:en]Workshops[:] | Virginie Vican photography\" \/>\n<meta property=\"og:description\" content=\"APPRENEZ LA PHOTO SUR LA COTE D&#039;AZUR (Antibes, Cannes, Cagnes, Nice). Tous les ateliers sont \u00e0 la fois pratique et ludiques, une partie est r\u00e9serv\u00e9e \u00e0\" \/>\n<meta property=\"og:url\" content=\"https:\/\/www.virginie-vican.com\/ateliers\/\" \/>\n<meta property=\"og:site_name\" content=\"Virginie Vican\" \/>\n<meta property=\"article:modified_time\" content=\"2020-01-14T09:58:31+00:00\" \/>\n<meta name=\"twitter:card\" content=\"summary_large_image\" \/>\n<meta name=\"twitter:label1\" content=\"Est. reading time\" \/>\n\t<meta name=\"twitter:data1\" content=\"3 minutes\" \/>\n<script type=\"application\/ld+json\" class=\"yoast-schema-graph\">{\"@context\":\"https:\/\/schema.org\",\"@graph\":[{\"@type\":\"WebPage\",\"@id\":\"https:\/\/www.virginie-vican.com\/ateliers\/\",\"url\":\"https:\/\/www.virginie-vican.com\/ateliers\/\",\"name\":\"[:fr]Ateliers[:en]Workshops[:] | Virginie Vican photography\",\"isPartOf\":{\"@id\":\"https:\/\/www.virginie-vican.com\/#website\"},\"datePublished\":\"2017-03-13T11:05:57+00:00\",\"dateModified\":\"2020-01-14T09:58:31+00:00\",\"description\":\"APPRENEZ LA PHOTO SUR LA COTE D'AZUR (Antibes, Cannes, Cagnes, Nice). Tous les ateliers sont \u00e0 la fois pratique et ludiques, une partie est r\u00e9serv\u00e9e \u00e0\",\"breadcrumb\":{\"@id\":\"https:\/\/www.virginie-vican.com\/ateliers\/#breadcrumb\"},\"inLanguage\":\"en-EN\",\"potentialAction\":[{\"@type\":\"ReadAction\",\"target\":[\"https:\/\/www.virginie-vican.com\/ateliers\/\"]}]},{\"@type\":\"BreadcrumbList\",\"@id\":\"https:\/\/www.virginie-vican.com\/ateliers\/#breadcrumb\",\"itemListElement\":[{\"@type\":\"ListItem\",\"position\":1,\"name\":\"Accueil\",\"item\":\"https:\/\/www.virginie-vican.com\/\"},{\"@type\":\"ListItem\",\"position\":2,\"name\":\"Ateliers\"}]},{\"@type\":\"WebSite\",\"@id\":\"https:\/\/www.virginie-vican.com\/#website\",\"url\":\"https:\/\/www.virginie-vican.com\/\",\"name\":\"Virginie Vican\",\"description\":\"photography\",\"potentialAction\":[{\"@type\":\"SearchAction\",\"target\":{\"@type\":\"EntryPoint\",\"urlTemplate\":\"https:\/\/www.virginie-vican.com\/?s={search_term_string}\"},\"query-input\":{\"@type\":\"PropertyValueSpecification\",\"valueRequired\":true,\"valueName\":\"search_term_string\"}}],\"inLanguage\":\"en-EN\"}]}<\/script>\n<!-- \/ Yoast SEO plugin. -->","yoast_head_json":{"title":"[:fr]Ateliers[:en]Workshops[:] | Virginie Vican photography","description":"APPRENEZ LA PHOTO SUR LA COTE D'AZUR (Antibes, Cannes, Cagnes, Nice). Tous les ateliers sont \u00e0 la fois pratique et ludiques, une partie est r\u00e9serv\u00e9e \u00e0","robots":{"index":"index","follow":"follow","max-snippet":"max-snippet:-1","max-image-preview":"max-image-preview:large","max-video-preview":"max-video-preview:-1"},"canonical":"https:\/\/www.virginie-vican.com\/ateliers\/","og_locale":"en_US","og_type":"article","og_title":"[:fr]Ateliers[:en]Workshops[:] | Virginie Vican photography","og_description":"APPRENEZ LA PHOTO SUR LA COTE D'AZUR (Antibes, Cannes, Cagnes, Nice). Tous les ateliers sont \u00e0 la fois pratique et ludiques, une partie est r\u00e9serv\u00e9e \u00e0","og_url":"https:\/\/www.virginie-vican.com\/ateliers\/","og_site_name":"Virginie Vican","article_modified_time":"2020-01-14T09:58:31+00:00","twitter_card":"summary_large_image","twitter_misc":{"Est. reading time":"3 minutes"},"schema":{"@context":"https:\/\/schema.org","@graph":[{"@type":"WebPage","@id":"https:\/\/www.virginie-vican.com\/ateliers\/","url":"https:\/\/www.virginie-vican.com\/ateliers\/","name":"[:fr]Ateliers[:en]Workshops[:] | Virginie Vican photography","isPartOf":{"@id":"https:\/\/www.virginie-vican.com\/#website"},"datePublished":"2017-03-13T11:05:57+00:00","dateModified":"2020-01-14T09:58:31+00:00","description":"APPRENEZ LA PHOTO SUR LA COTE D'AZUR (Antibes, Cannes, Cagnes, Nice). Tous les ateliers sont \u00e0 la fois pratique et ludiques, une partie est r\u00e9serv\u00e9e \u00e0","breadcrumb":{"@id":"https:\/\/www.virginie-vican.com\/ateliers\/#breadcrumb"},"inLanguage":"en-EN","potentialAction":[{"@type":"ReadAction","target":["https:\/\/www.virginie-vican.com\/ateliers\/"]}]},{"@type":"BreadcrumbList","@id":"https:\/\/www.virginie-vican.com\/ateliers\/#breadcrumb","itemListElement":[{"@type":"ListItem","position":1,"name":"Accueil","item":"https:\/\/www.virginie-vican.com\/"},{"@type":"ListItem","position":2,"name":"Ateliers"}]},{"@type":"WebSite","@id":"https:\/\/www.virginie-vican.com\/#website","url":"https:\/\/www.virginie-vican.com\/","name":"Virginie Vican","description":"photography","potentialAction":[{"@type":"SearchAction","target":{"@type":"EntryPoint","urlTemplate":"https:\/\/www.virginie-vican.com\/?s={search_term_string}"},"query-input":{"@type":"PropertyValueSpecification","valueRequired":true,"valueName":"search_term_string"}}],"inLanguage":"en-EN"}]}},"_links":{"self":[{"href":"https:\/\/www.virginie-vican.com\/en\/wp-json\/wp\/v2\/pages\/977"}],"collection":[{"href":"https:\/\/www.virginie-vican.com\/en\/wp-json\/wp\/v2\/pages"}],"about":[{"href":"https:\/\/www.virginie-vican.com\/en\/wp-json\/wp\/v2\/types\/page"}],"author":[{"embeddable":true,"href":"https:\/\/www.virginie-vican.com\/en\/wp-json\/wp\/v2\/users\/3"}],"replies":[{"embeddable":true,"href":"https:\/\/www.virginie-vican.com\/en\/wp-json\/wp\/v2\/comments?post=977"}],"version-history":[{"count":3,"href":"https:\/\/www.virginie-vican.com\/en\/wp-json\/wp\/v2\/pages\/977\/revisions"}],"predecessor-version":[{"id":1028,"href":"https:\/\/www.virginie-vican.com\/en\/wp-json\/wp\/v2\/pages\/977\/revisions\/1028"}],"wp:attachment":[{"href":"https:\/\/www.virginie-vican.com\/en\/wp-json\/wp\/v2\/media?parent=977"}],"curies":[{"name":"wp","href":"https:\/\/api.w.org\/{rel}","templated":true}]}}